{"id":1339,"date":"2015-02-27T17:11:25","date_gmt":"2015-02-27T15:11:25","guid":{"rendered":"http:\/\/sagligimbenimelimde.wordpress.com\/?page_id=1"},"modified":"2023-11-27T17:05:03","modified_gmt":"2023-11-27T14:05:03","slug":"about","status":"publish","type":"page","link":"https:\/\/sagligimbenimelimde.com\/","title":{"rendered":"Sa\u011fl\u0131\u011f\u0131n\u0131z Sizin Elinizde"},"content":{"rendered":"\n<p class=\"has-text-align-left\"><\/p>\n\n\n<figure class=\"wp-block-image alignleft size-full is-resized\"><img loading=\"lazy\" decoding=\"async\" width=\"597\" height=\"385\" src=\"https:\/\/sagligimbenimelimde.com\/wp-content\/uploads\/2017\/04\/screen-shot-2017-03-31-at-23-17-20.png\" alt=\"\" class=\"wp-image-2910\" style=\"width:272px;height:176px\" srcset=\"https:\/\/sagligimbenimelimde.com\/wp-content\/uploads\/2017\/04\/screen-shot-2017-03-31-at-23-17-20.png 597w, https:\/\/sagligimbenimelimde.com\/wp-content\/uploads\/2017\/04\/screen-shot-2017-03-31-at-23-17-20-300x193.png 300w\" sizes=\"auto, (max-width: 597px) 100vw, 597px\" \/><\/figure>\n\n\n<p class=\"has-text-align-left has-black-color has-text-color has-link-color wp-elements-24f49d8acc41df64ee21a20f875ef2b7\"><span style=\"font-size: revert; color: initial;\">Bir sa\u011fl\u0131k problemi, esenlik ve canl\u0131l\u0131k dolu bir hayat ya da sadece daha sa\u011fl\u0131kl\u0131 bir beden i\u00e7in buradas\u0131n\u0131z. Ho<\/span>\u015fgeldiniz!<\/p>\n\n\n\n<p class=\"has-black-color has-text-color has-link-color wp-elements-2bcbda68dd6c62807bea00eec9538d65\">Buradaki b\u00fct\u00fcnsel yemek tarifleri ve motivasyon yaz\u0131lar\u0131n\u0131n sizi harekete ge\u00e7irmesini, sitenin sayfalar\u0131 aras\u0131nda gezinirken yolculu\u011funuza rehberlik edebilecek bilgi ve \u00f6neriler bulabilece\u011finizi umuyorum.<\/p>\n\n\n\n<p class=\"has-black-color has-text-color has-link-color wp-elements-9d34801848f331035e553c462239acfa\">Yolculu\u011funuzda yan\u0131n\u0131n\u0131zda olacak bir rehbere ihtiya\u00e7 duyarsan\u0131z, size hediyem olan iki saatlik deneme seans\u0131 i\u00e7in benimle <a href=\"https:\/\/sagligimbenimelimde.com\/?page_id=3218\"><strong>buradan<\/strong><\/a> ileti\u015fime ge\u00e7ebilirsiniz.<\/p>\n","protected":false},"excerpt":{"rendered":"<p>Bir sa\u011fl\u0131k problemi, esenlik ve canl\u0131l\u0131k dolu bir hayat ya da sadece daha sa\u011fl\u0131kl\u0131 bir beden i\u00e7in buradas\u0131n\u0131z. Ho\u015fgeldiniz! Buradaki b\u00fct\u00fcnsel yemek tarifleri ve motivasyon yaz\u0131lar\u0131n\u0131n sizi harekete ge\u00e7irmesini, sitenin sayfalar\u0131 aras\u0131nda gezinirken yolculu\u011funuza rehberlik edebilecek bilgi ve \u00f6neriler bulabilece\u011finizi umuyorum. Yolculu\u011funuzda yan\u0131n\u0131n\u0131zda olacak bir rehbere ihtiya\u00e7 duyarsan\u0131z, size hediyem olan iki saatlik deneme seans\u0131 [&hellip;]<\/p>\n","protected":false},"author":1,"featured_media":2910,"parent":336,"menu_order":0,"comment_status":"closed","ping_status":"closed","template":"","meta":{"footnotes":""},"class_list":["post-1339","page","type-page","status-publish","has-post-thumbnail","hentry"],"_links":{"self":[{"href":"https:\/\/sagligimbenimelimde.com\/index.php?rest_route=\/wp\/v2\/pages\/1339","targetHints":{"allow":["GET"]}}],"collection":[{"href":"https:\/\/sagligimbenimelimde.com\/index.php?rest_route=\/wp\/v2\/pages"}],"about":[{"href":"https:\/\/sagligimbenimelimde.com\/index.php?rest_route=\/wp\/v2\/types\/page"}],"author":[{"embeddable":true,"href":"https:\/\/sagligimbenimelimde.com\/index.php?rest_route=\/wp\/v2\/users\/1"}],"replies":[{"embeddable":true,"href":"https:\/\/sagligimbenimelimde.com\/index.php?rest_route=%2Fwp%2Fv2%2Fcomments&post=1339"}],"version-history":[{"count":0,"href":"https:\/\/sagligimbenimelimde.com\/index.php?rest_route=\/wp\/v2\/pages\/1339\/revisions"}],"up":[{"embeddable":true,"href":"https:\/\/sagligimbenimelimde.com\/index.php?rest_route=\/wp\/v2\/pages\/336"}],"wp:featuredmedia":[{"embeddable":true,"href":"https:\/\/sagligimbenimelimde.com\/index.php?rest_route=\/wp\/v2\/media\/2910"}],"wp:attachment":[{"href":"https:\/\/sagligimbenimelimde.com\/index.php?rest_route=%2Fwp%2Fv2%2Fmedia&parent=1339"}],"curies":[{"name":"wp","href":"https:\/\/api.w.org\/{rel}","templated":true}]}}